{"id":610,"date":"2022-08-27T16:06:18","date_gmt":"2022-08-27T16:06:18","guid":{"rendered":"https:\/\/claudeguidigan.com\/bg\/?page_id=610"},"modified":"2024-04-02T16:30:41","modified_gmt":"2024-04-02T16:30:41","slug":"lrsq","status":"publish","type":"page","link":"https:\/\/claudeguidigan.com\/bg\/lrsq\/","title":{"rendered":"lrsq"},"content":{"rendered":"<h1>\n\t\t[Revenus A 06 Chiffres] Formation Offerte<br \/>\n\t<\/h1>\n<p>\t\t\t\t<img decoding=\"async\" src=\"https:\/\/claudeguidigan.com\/bg\/wp-content\/uploads\/2022\/08\/ConferenceNjoya.jpg\" alt=\"salle conf\u00e9rence\" itemprop=\"image\"  \/><\/p>\n<h3>Comment se cr\u00e9er une source de revenus stables en 90 jours?<\/h3>\n<p>\t\t\t<a href=\"\" target=\"_self\" role=\"button\" rel=\"noopener\"><br \/>\n\t\t\t\t\t\t\t<\/a><\/p>\n<h3>\n\t\t\u26a0\ufe0f Attention ! le logiciel ne pouvant accueilir qu&rsquo;un nombre limit\u00e9 d&rsquo;acc\u00e8s, le lien se d\u00e9sactivera dans &#8230; \u2714<br \/>\n\t<\/h3>\n<p>\t\t\t\tJour<br \/>\n\t\t\t\tHeure<br \/>\n\t\t\t\tMinute<br \/>\n\t\t\t\tSeconde<\/p>\n<h1 dir=\"ltr\" style=\"text-align: center;\"><strong>\u00a0Formation\u00a0<\/strong><\/h1>\n<h3 dir=\"ltr\" style=\"text-align: center;\"><strong>Offert en Bonus<\/strong>: Feuille de route claire et simple \u00e0 copier-coller<\/h3>\n<p>\t\t\t\t<img decoding=\"async\" src=\"https:\/\/claudeguidigan.com\/bg\/wp-content\/uploads\/2022\/08\/NJOYA.jpg\" alt=\"Coach nNjoya\" itemprop=\"image\"  \/><\/p>\n<h2><strong>Comment acc\u00e9der \u00e0 la formation\u00a0?<\/strong><\/h2>\n<h3 dir=\"ltr\" style=\"text-align: left;\"><strong>&#8211; Etape 1 : Cliquez sur le bouton Vert<\/strong><\/h3>\n<h3 dir=\"ltr\" style=\"text-align: left;\"><strong>&#8211; Etape 2 : Remplissez le Formulaire\u00a0 <img loading=\"lazy\" decoding=\"async\" src=\"https:\/\/claudeguidigan.com\/bg\/wp-content\/uploads\/2022\/08\/Photos2-320.png\" alt=\"En haut!\" width=\"45\" height=\"45\" \/><\/strong><\/h3>\n<p>&nbsp;<\/p>\n<h2 dir=\"ltr\" style=\"text-align: center;\"><\/h2>\n<p>\t\t\t\tJour<br \/>\n\t\t\t\tHeure<br \/>\n\t\t\t\tMinute<br \/>\n\t\t\t\tSeconde<\/p>\n<p dir=\"ltr\" style=\"text-align: center;\">NOT FACEBOOK: This site is not a part of the Facebook website or Facebook Inc. Additionally, This site is NOT endorsed by Facebook in any way. FACEBOOK is a trademark of FACEBOOK, Inc.<\/p>\n<p dir=\"ltr\" style=\"text-align: center;\"><a href=\"https:\/\/claudeguidigan.com\/bg\/mentions-legales-et-politique-de-confidentialite\/\">Mentions L\u00e9gales\u00a0 et Confidentialit\u00e9<\/a>\u00a0 &#8211;\u00a0\u00a0<a href=\"mailto:infolr22@claudeguidigan.com\">infolr@claudeguidigan.com<\/a><\/p>\n<p dir=\"ltr\" style=\"text-align: center;\">\u00a9 2022 | NET ALCHEMY<\/p>\n","protected":false},"excerpt":{"rendered":"<p>[Revenus A 06 Chiffres] Formation Offerte Comment se cr\u00e9er une source de revenus stables en 90 jours? \u26a0\ufe0f Attention ! le logiciel ne pouvant accueilir qu&rsquo;un nombre limit\u00e9 d&rsquo;acc\u00e8s, le lien se d\u00e9sactivera dans &#8230; \u2714 Jour Heure Minute Seconde \u00a0Formation\u00a0 Offert en Bonus: Feuille de route claire et simple \u00e0 copier-coller Comment acc\u00e9der \u00e0<a href=\"https:\/\/claudeguidigan.com\/bg\/lrsq\/\" class=\"more-link\"><span class=\"screen-reader-text\">lrsq<\/span><\/a><\/p>\n","protected":false},"author":1,"featured_media":0,"parent":0,"menu_order":0,"comment_status":"closed","ping_status":"closed","template":"","meta":{"footnotes":"","_wi_page_mode":"none","_wi_page_shortcodes":[]},"class_list":["post-610","page","type-page","status-publish","hentry"],"wi_scan_result":{"post_meta_mode":"","post_meta_tags":[],"page_index_row":[]},"_links":{"self":[{"href":"https:\/\/claudeguidigan.com\/bg\/wp-json\/wp\/v2\/pages\/610","targetHints":{"allow":["GET"]}}],"collection":[{"href":"https:\/\/claudeguidigan.com\/bg\/wp-json\/wp\/v2\/pages"}],"about":[{"href":"https:\/\/claudeguidigan.com\/bg\/wp-json\/wp\/v2\/types\/page"}],"author":[{"embeddable":true,"href":"https:\/\/claudeguidigan.com\/bg\/wp-json\/wp\/v2\/users\/1"}],"replies":[{"embeddable":true,"href":"https:\/\/claudeguidigan.com\/bg\/wp-json\/wp\/v2\/comments?post=610"}],"version-history":[{"count":9,"href":"https:\/\/claudeguidigan.com\/bg\/wp-json\/wp\/v2\/pages\/610\/revisions"}],"predecessor-version":[{"id":5632,"href":"https:\/\/claudeguidigan.com\/bg\/wp-json\/wp\/v2\/pages\/610\/revisions\/5632"}],"wp:attachment":[{"href":"https:\/\/claudeguidigan.com\/bg\/wp-json\/wp\/v2\/media?parent=610"}],"curies":[{"name":"wp","href":"https:\/\/api.w.org\/{rel}","templated":true}]}}