{"id":5557,"date":"2024-02-20T17:55:31","date_gmt":"2024-02-20T17:55:31","guid":{"rendered":"https:\/\/claudeguidigan.com\/bg\/?page_id=5557"},"modified":"2024-02-21T13:40:04","modified_gmt":"2024-02-21T13:40:04","slug":"rr","status":"publish","type":"page","link":"https:\/\/claudeguidigan.com\/bg\/rr\/","title":{"rendered":"rr"},"content":{"rendered":"<p>\t\t\t\t<img decoding=\"async\" src=\"https:\/\/demos.wpbeaverbuilder.com\/wp-content\/uploads\/2015\/03\/envelope-icon.png\" alt=\"envelope-icon\" itemprop=\"image\"  \/><\/p>\n<h4 style=\"font-weight: bold; font-size: 35px; margin-bottom: 0;\">\u00a0Vous \u00cates sur le point de recevoir \u00ab\u00a0\u00c7a Marche!\u00a0\u00bb pour vivre vos r\u00eaves et l&rsquo;infolettre \u00ab\u00a0R\u00e9alisons Nos R\u00eaves\u00a0\u00bb<\/h4>\n<h2 style=\"font-weight: light; font-size: 25px; margin-top: 0;\"><\/h2>\n<ul>\n<li><strong>Indiquez \u00e0 quelle adresse email vous les envoyer<\/strong><\/li>\n<\/ul>\n<p style=\"text-align: center;\"><a href=\"https:\/\/claudeguidigan.com\/bg\/mentions-legales-et-politique-de-confidentialite\/\">Mentions L\u00e9gales et Confidentialit\u00e9<\/a><\/p>\n","protected":false},"excerpt":{"rendered":"<p>\u00a0Vous \u00cates sur le point de recevoir \u00ab\u00a0\u00c7a Marche!\u00a0\u00bb pour vivre vos r\u00eaves et l&rsquo;infolettre \u00ab\u00a0R\u00e9alisons Nos R\u00eaves\u00a0\u00bb Indiquez \u00e0 quelle adresse email vous les envoyer Mentions L\u00e9gales et Confidentialit\u00e9<\/p>\n","protected":false},"author":1,"featured_media":0,"parent":0,"menu_order":0,"comment_status":"closed","ping_status":"closed","template":"","meta":{"footnotes":"","_wi_page_mode":"none","_wi_page_shortcodes":[]},"class_list":["post-5557","page","type-page","status-publish","hentry"],"wi_scan_result":{"post_meta_mode":"","post_meta_tags":[],"page_index_row":[]},"_links":{"self":[{"href":"https:\/\/claudeguidigan.com\/bg\/wp-json\/wp\/v2\/pages\/5557","targetHints":{"allow":["GET"]}}],"collection":[{"href":"https:\/\/claudeguidigan.com\/bg\/wp-json\/wp\/v2\/pages"}],"about":[{"href":"https:\/\/claudeguidigan.com\/bg\/wp-json\/wp\/v2\/types\/page"}],"author":[{"embeddable":true,"href":"https:\/\/claudeguidigan.com\/bg\/wp-json\/wp\/v2\/users\/1"}],"replies":[{"embeddable":true,"href":"https:\/\/claudeguidigan.com\/bg\/wp-json\/wp\/v2\/comments?post=5557"}],"version-history":[{"count":4,"href":"https:\/\/claudeguidigan.com\/bg\/wp-json\/wp\/v2\/pages\/5557\/revisions"}],"predecessor-version":[{"id":5565,"href":"https:\/\/claudeguidigan.com\/bg\/wp-json\/wp\/v2\/pages\/5557\/revisions\/5565"}],"wp:attachment":[{"href":"https:\/\/claudeguidigan.com\/bg\/wp-json\/wp\/v2\/media?parent=5557"}],"curies":[{"name":"wp","href":"https:\/\/api.w.org\/{rel}","templated":true}]}}